{"id":431,"date":"2025-08-10T01:56:04","date_gmt":"2025-08-09T22:56:04","guid":{"rendered":"https:\/\/alanyakasap.com\/?page_id=431"},"modified":"2025-10-11T22:41:28","modified_gmt":"2025-10-11T19:41:28","slug":"hakkimizda","status":"publish","type":"page","link":"https:\/\/alanyakasap.com\/en\/hakkimizda\/","title":{"rendered":"About Us"},"content":{"rendered":"<div data-elementor-type=\"wp-page\" data-elementor-id=\"431\" class=\"elementor elementor-431\">\n\t\t\t\t<div class=\"elementor-element elementor-element-b11bf9e e-flex e-con-boxed e-con e-parent\" data-id=\"b11bf9e\" data-element_type=\"container\" data-settings=\"{&quot;background_background&quot;:&quot;classic&quot;,&quot;jet_parallax_layout_list&quot;:[]}\">\n\t\t\t\t\t<div class=\"e-con-inner\">\n\t\t<div class=\"elementor-element elementor-element-58e35d7 e-con-full e-flex e-con e-child\" data-id=\"58e35d7\" data-element_type=\"container\" data-settings=\"{&quot;jet_parallax_layout_list&quot;:[]}\">\n\t\t\t\t<div class=\"elementor-element elementor-element-a1c2924 elementor-widget elementor-widget-heading\" data-id=\"a1c2924\" data-element_type=\"widget\" data-widget_type=\"heading.default\">\n\t\t\t\t\t<h2 class=\"elementor-heading-title elementor-size-default\">About Us<\/h2>\t\t\t\t<\/div>\n\t\t\t\t<\/div>\n\t\t\t\t\t<\/div>\n\t\t\t\t<\/div>\n\t\t<div class=\"elementor-element elementor-element-676695f e-flex e-con-boxed elementor-invisible e-con e-parent\" data-id=\"676695f\" data-element_type=\"container\" data-settings=\"{&quot;jet_parallax_layout_list&quot;:[],&quot;animation&quot;:&quot;fadeInUp&quot;}\">\n\t\t\t\t\t<div class=\"e-con-inner\">\n\t\t<div class=\"elementor-element elementor-element-37c8d29 e-con-full e-flex e-con e-child\" data-id=\"37c8d29\" data-element_type=\"container\" data-settings=\"{&quot;jet_parallax_layout_list&quot;:[]}\">\n\t\t\t\t<div class=\"elementor-element elementor-element-1432528 elementor-widget elementor-widget-heading\" data-id=\"1432528\" data-element_type=\"widget\" data-widget_type=\"heading.default\">\n\t\t\t\t\t<h2 class=\"elementor-heading-title elementor-size-default\">About Us<\/h2>\t\t\t\t<\/div>\n\t\t\t\t<div class=\"elementor-element elementor-element-a787490 elementor-widget elementor-widget-text-editor\" data-id=\"a787490\" data-element_type=\"widget\" data-widget_type=\"text-editor.default\">\n\t\t\t\t\t\t\t\t\t<p><strong data-start=\"174\" data-end=\"195\">Lider Meat &amp; Barbecue<\/strong>Located on Oba Portakal Street, it&#039;s a welcoming gathering place for families and meat lovers. With our daily, meticulously selected products, we combine the freshness of the butcher&#039;s section with the mastery of the barbecue.<strong data-start=\"425\" data-end=\"459\">Alanya Restaurant | Alanya Butcher<\/strong>With the aim of being the first address that comes to mind when you say &quot;food is delicious&quot;, we always prioritize transparency, hygiene and taste.<br data-start=\"570\" data-end=\"573\" \/>With years of experience and a team of expert chefs, we offer a wide selection of meats, from entrec\u00f4te to chops, meatballs to skewers, cooked over real charcoal and to the ideal cooking temperature. In our butcher shop, we oversee the weight, slaughter, and aging processes in full view of our guests, and in the restaurant, we ensure the same quality with speed and friendly service.<br data-start=\"927\" data-end=\"930\" \/>While designing menus that suit Alanya&#039;s multicultural landscape and appeal to the palates of our local and international guests, we embrace a culinary discipline that prioritizes sustainable sourcing and prevents waste. This approach,<strong data-start=\"1137\" data-end=\"1171\">Alanya Restaurant | Alanya Butcher<\/strong>&quot; not only increases our availability in searches, but also increases our preferability.<br data-start=\"1253\" data-end=\"1256\" \/>For us, every plate is a promise, every bite is a commitment: fresh, reliable, generous and delicious.<\/p>\t\t\t\t\t\t\t\t<\/div>\n\t\t\t\t<\/div>\n\t\t<div class=\"elementor-element elementor-element-330a2ee e-con-full e-flex e-con e-child\" data-id=\"330a2ee\" data-element_type=\"container\" data-settings=\"{&quot;jet_parallax_layout_list&quot;:[]}\">\n\t\t\t\t<div class=\"elementor-element elementor-element-cd0cc63 elementor-widget elementor-widget-image\" data-id=\"cd0cc63\" data-element_type=\"widget\" data-widget_type=\"image.default\">\n\t\t\t\t\t\t\t\t\t\t\t\t\t\t\t<img fetchpriority=\"high\" decoding=\"async\" width=\"765\" height=\"535\" src=\"https:\/\/alanyakasap.com\/wp-content\/uploads\/2025\/10\/4-1.png\" class=\"attachment-large size-large wp-image-662\" alt=\"\" srcset=\"https:\/\/alanyakasap.com\/wp-content\/uploads\/2025\/10\/4-1.png 765w, https:\/\/alanyakasap.com\/wp-content\/uploads\/2025\/10\/4-1-300x210.png 300w, https:\/\/alanyakasap.com\/wp-content\/uploads\/2025\/10\/4-1-18x12.png 18w\" sizes=\"(max-width: 765px) 100vw, 765px\" \/>\t\t\t\t\t\t\t\t\t\t\t\t\t\t\t<\/div>\n\t\t\t\t<\/div>\n\t\t\t\t\t<\/div>\n\t\t\t\t<\/div>\n\t\t<div class=\"elementor-element elementor-element-bd77be3 e-flex e-con-boxed elementor-invisible e-con e-parent\" data-id=\"bd77be3\" data-element_type=\"container\" data-settings=\"{&quot;background_background&quot;:&quot;classic&quot;,&quot;jet_parallax_layout_list&quot;:[],&quot;animation&quot;:&quot;fadeInUp&quot;}\">\n\t\t\t\t\t<div class=\"e-con-inner\">\n\t\t<div class=\"elementor-element elementor-element-76513e5 e-con-full e-flex e-con e-child\" data-id=\"76513e5\" data-element_type=\"container\" data-settings=\"{&quot;jet_parallax_layout_list&quot;:[]}\">\n\t\t\t\t<div class=\"elementor-element elementor-element-3c9f1de elementor-widget elementor-widget-heading\" data-id=\"3c9f1de\" data-element_type=\"widget\" data-widget_type=\"heading.default\">\n\t\t\t\t\t<h2 class=\"elementor-heading-title elementor-size-default\">Our Mission<\/h2>\t\t\t\t<\/div>\n\t\t\t\t<div class=\"elementor-element elementor-element-19262aa elementor-widget elementor-widget-text-editor\" data-id=\"19262aa\" data-element_type=\"widget\" data-widget_type=\"text-editor.default\">\n\t\t\t\t\t\t\t\t\t<p data-start=\"1359\" data-end=\"1556\">Our mission; <strong data-start=\"1371\" data-end=\"1381\">Alanya<\/strong>&quot;Our goal is to combine the trust of a butcher shop with the comfort of a restaurant and to serve our guests with the same freshness and care every day. &quot;<strong data-start=\"1506\" data-end=\"1540\">Alanya Restaurant | Alanya Butcher<\/strong>&quot;our identity;<\/p><ul data-start=\"1557\" data-end=\"2128\"><li data-start=\"1557\" data-end=\"1591\"><p data-start=\"1559\" data-end=\"1591\">Daily and traceable supply,<\/p><\/li><li data-start=\"1592\" data-end=\"1635\"><p data-start=\"1594\" data-end=\"1635\">Expertly applied cooking techniques,<\/p><\/li><li data-start=\"1636\" data-end=\"1680\"><p data-start=\"1638\" data-end=\"1680\">Unconditional adherence to hygiene protocols,<\/p><\/li><li data-start=\"1681\" data-end=\"2128\"><p data-start=\"1683\" data-end=\"2128\">Fast service and fair pricing policy<br data-start=\"1720\" data-end=\"1723\" \/>We strengthen with.<br data-start=\"1743\" data-end=\"1746\" \/>While we welcome families, groups of friends, and anyone seeking the true flavor of meat at our location on Portakal Street, Oba also caters to personalized cuts and preparation requests in our butcher shop, and we offer the same standard for every portion of barbecued meat. Thus,<strong data-start=\"1999\" data-end=\"2033\">Alanya Restaurant | Alanya Butcher<\/strong>&quot;We create an experience that exceeds the expectations of our customers, inspires trust and is preferred again.<\/p><\/li><\/ul>\t\t\t\t\t\t\t\t<\/div>\n\t\t\t\t<\/div>\n\t\t<div class=\"elementor-element elementor-element-55dc914 e-con-full e-flex e-con e-child\" data-id=\"55dc914\" data-element_type=\"container\" data-settings=\"{&quot;jet_parallax_layout_list&quot;:[]}\">\n\t\t\t\t<div class=\"elementor-element elementor-element-fd6db5a elementor-widget elementor-widget-heading\" data-id=\"fd6db5a\" data-element_type=\"widget\" data-widget_type=\"heading.default\">\n\t\t\t\t\t<h2 class=\"elementor-heading-title elementor-size-default\">Our vision<\/h2>\t\t\t\t<\/div>\n\t\t\t\t<div class=\"elementor-element elementor-element-7c168ba elementor-widget elementor-widget-text-editor\" data-id=\"7c168ba\" data-element_type=\"widget\" data-widget_type=\"text-editor.default\">\n\t\t\t\t\t\t\t\t\t<p data-start=\"2139\" data-end=\"2385\">Our vision; <strong data-start=\"2151\" data-end=\"2161\">Alanya<\/strong>\u201cTo be the reference point of the butcher shop-restaurant model and to become an exemplary brand on a regional scale.\u201d<strong data-start=\"2280\" data-end=\"2314\">Alanya Restaurant | Alanya Butcher<\/strong>To continuously raise the quality standard that comes to mind when one says:<\/p><ul data-start=\"2386\" data-end=\"2865\"><li data-start=\"2386\" data-end=\"2454\"><p data-start=\"2388\" data-end=\"2454\">To continue menu innovation in line with local tastes,<\/p><\/li><li data-start=\"2455\" data-end=\"2501\"><p data-start=\"2457\" data-end=\"2501\">To expand sustainable and ethical procurement,<\/p><\/li><li data-start=\"2502\" data-end=\"2596\"><p data-start=\"2504\" data-end=\"2596\">To be easily accessible on digital channels (reservations, WhatsApp order, location, menu),<\/p><\/li><li data-start=\"2597\" data-end=\"2865\"><p data-start=\"2599\" data-end=\"2865\">To establish an educated, friendly and long-term team structure<br data-start=\"2660\" data-end=\"2663\" \/>We aim.<br data-start=\"2676\" data-end=\"2679\" \/>By presenting the taste not only on the plate but also as a whole with the experience of the place, speed, consistency and transparent communication, we are on the gastronomic map of the region. <strong data-start=\"2820\" data-end=\"2841\">Lider Meat &amp; Barbecue<\/strong> We will make your name permanent.<\/p><\/li><\/ul>\t\t\t\t\t\t\t\t<\/div>\n\t\t\t\t<\/div>\n\t\t\t\t\t<\/div>\n\t\t\t\t<\/div>\n\t\t<div class=\"elementor-element elementor-element-5cd1ef9 e-flex e-con-boxed elementor-invisible e-con e-parent\" data-id=\"5cd1ef9\" data-element_type=\"container\" data-settings=\"{&quot;jet_parallax_layout_list&quot;:[],&quot;animation&quot;:&quot;fadeInUp&quot;}\">\n\t\t\t\t\t<div class=\"e-con-inner\">\n\t\t<div class=\"elementor-element elementor-element-5dd3655 e-con-full e-flex e-con e-child\" data-id=\"5dd3655\" data-element_type=\"container\" data-settings=\"{&quot;jet_parallax_layout_list&quot;:[]}\">\n\t\t\t\t<div class=\"elementor-element elementor-element-1a595a3 elementor-widget elementor-widget-heading\" data-id=\"1a595a3\" data-element_type=\"widget\" data-widget_type=\"heading.default\">\n\t\t\t\t\t<h2 class=\"elementor-heading-title elementor-size-default\">Our values<\/h2>\t\t\t\t<\/div>\n\t\t\t\t<div class=\"elementor-element elementor-element-f5cf116 elementor-widget elementor-widget-text-editor\" data-id=\"f5cf116\" data-element_type=\"widget\" data-widget_type=\"text-editor.default\">\n\t\t\t\t\t\t\t\t\t<p data-start=\"2882\" data-end=\"3112\"><strong data-start=\"2882\" data-end=\"2914\">1) Freshness and Traceability<\/strong><br data-start=\"2914\" data-end=\"2917\" \/>Every product from our butcher shop to our barbecue goes through a fresh and transparent process.<strong data-start=\"3001\" data-end=\"3035\">Alanya Restaurant | Alanya Butcher<\/strong>We reinforce this trust with correct cutting, correct resting and daily preparation.<\/p><p data-start=\"3114\" data-end=\"3319\"><strong data-start=\"3114\" data-end=\"3142\">2) Mastery and Consistency<\/strong><br data-start=\"3142\" data-end=\"3145\" \/>It&#039;s our professional honor to ensure the same flavor in every serving. We standardize every step, from cooking temperature to presentation, and prioritize repetition for the perfect dish.<\/p><p data-start=\"3321\" data-end=\"3518\"><strong data-start=\"3321\" data-end=\"3352\">3) Hygiene and Food Safety<\/strong><br data-start=\"3352\" data-end=\"3355\" \/>We strictly adhere to hygiene protocols from the kitchen to the service area, from the butcher shop to the warehouse. This way,<strong data-start=\"3453\" data-end=\"3487\">Alanya Restaurant | Alanya Butcher<\/strong>\u201d You will have peace of mind in your choice.<\/p><p data-start=\"3520\" data-end=\"3707\"><strong data-start=\"3520\" data-end=\"3556\">4) Hospitality and Sincerity<\/strong><br data-start=\"3556\" data-end=\"3559\" \/>We create a warm, family-like atmosphere. Our friendly smiles, fast service, and solution-oriented approach make every guest feel special.<\/p><p data-start=\"3709\" data-end=\"3871\"><strong data-start=\"3709\" data-end=\"3739\">5) Fair Price and Transparency<\/strong><br data-start=\"3739\" data-end=\"3742\" \/>We are clear on weight, cut, and pricing. We clearly share all information on the butcher section and menu, and we offer value-generating pricing.<\/p><p data-start=\"3873\" data-end=\"4062\"><strong data-start=\"3873\" data-end=\"3909\">6) Sustainability and Locality<\/strong><br data-start=\"3909\" data-end=\"3912\" \/>We support local suppliers and seasonality whenever possible, and implement processes to reduce waste. We contribute to both nature and the local economy.<\/p><p data-start=\"4064\" data-end=\"4339\"><strong data-start=\"4064\" data-end=\"4086\">7) Continuous Improvement<\/strong><br data-start=\"4086\" data-end=\"4089\" \/>We prioritize feedback and invest in training and team development. We also remain accessible and up-to-date digitally (Google Maps, WhatsApp, menu pages);<strong data-start=\"4255\" data-end=\"4289\">Alanya Restaurant | Alanya Butcher<\/strong>We simplify the user experience when searching.<\/p>\t\t\t\t\t\t\t\t<\/div>\n\t\t\t\t<\/div>\n\t\t\t\t\t<\/div>\n\t\t\t\t<\/div>\n\t\t\t\t<\/div>","protected":false},"excerpt":{"rendered":"<p>Hakk\u0131m\u0131zda Hakk\u0131m\u0131zda Lider Et &amp; Mangal, Oba Portakal Caddesi\u2019nde yer alan, ailelerin ve et severlerin bir araya geldi\u011fi samimi bir bulu\u015fma noktas\u0131d\u0131r. G\u00fcnl\u00fck ve titizlikle se\u00e7ilen \u00fcr\u00fcnlerimizle, kasap reyonundaki tazeli\u011fi mangal ate\u015finin ustal\u0131\u011f\u0131yla birle\u015ftiriyoruz. \u201cAlanya Restoran | Alanya Kasap\u201d denildi\u011finde akla gelen ilk adres olma hedefiyle; \u015feffafl\u0131k, hijyen ve lezzeti her zaman \u00f6n planda tutuyoruz.Y\u0131llar\u0131n [&hellip;]<\/p>","protected":false},"author":1,"featured_media":633,"parent":0,"menu_order":0,"comment_status":"closed","ping_status":"closed","template":"elementor_header_footer","meta":{"_acf_changed":false,"footnotes":""},"class_list":["post-431","page","type-page","status-publish","has-post-thumbnail","hentry"],"acf":[],"yoast_head":"<!-- This site is optimized with the Yoast SEO plugin v25.6 - https:\/\/yoast.com\/wordpress\/plugins\/seo\/ -->\n<title>Hakk\u0131m\u0131zda - Alanya Kasap | Alanya Restoran<\/title>\n<meta name=\"robots\" content=\"index, follow, max-snippet:-1, max-image-preview:large, max-video-preview:-1\" \/>\n<link rel=\"canonical\" href=\"https:\/\/alanyakasap.com\/en\/hakkimizda\/\" \/>\n<meta property=\"og:locale\" content=\"en_US\" \/>\n<meta property=\"og:type\" content=\"article\" \/>\n<meta property=\"og:title\" content=\"Hakk\u0131m\u0131zda - Alanya Kasap | Alanya Restoran\" \/>\n<meta property=\"og:description\" content=\"Hakk\u0131m\u0131zda Hakk\u0131m\u0131zda Lider Et &amp; Mangal, Oba Portakal Caddesi\u2019nde yer alan, ailelerin ve et severlerin bir araya geldi\u011fi samimi bir bulu\u015fma noktas\u0131d\u0131r. G\u00fcnl\u00fck ve titizlikle se\u00e7ilen \u00fcr\u00fcnlerimizle, kasap reyonundaki tazeli\u011fi mangal ate\u015finin ustal\u0131\u011f\u0131yla birle\u015ftiriyoruz. \u201cAlanya Restoran | Alanya Kasap\u201d denildi\u011finde akla gelen ilk adres olma hedefiyle; \u015feffafl\u0131k, hijyen ve lezzeti her zaman \u00f6n planda tutuyoruz.Y\u0131llar\u0131n [&hellip;]\" \/>\n<meta property=\"og:url\" content=\"https:\/\/alanyakasap.com\/en\/hakkimizda\/\" \/>\n<meta property=\"og:site_name\" content=\"Alanya Kasap | Alanya Restoran\" \/>\n<meta property=\"article:modified_time\" content=\"2025-10-11T19:41:28+00:00\" \/>\n<meta property=\"og:image\" content=\"https:\/\/alanyakasap.com\/wp-content\/uploads\/2025\/10\/Lider-Et-Mangal-Favicon.png\" \/>\n\t<meta property=\"og:image:width\" content=\"1024\" \/>\n\t<meta property=\"og:image:height\" content=\"1024\" \/>\n\t<meta property=\"og:image:type\" content=\"image\/png\" \/>\n<meta name=\"twitter:card\" content=\"summary_large_image\" \/>\n<meta name=\"twitter:label1\" content=\"Est. reading time\" \/>\n\t<meta name=\"twitter:data1\" content=\"4 minutes\" \/>\n<script type=\"application\/ld+json\" class=\"yoast-schema-graph\">{\"@context\":\"https:\/\/schema.org\",\"@graph\":[{\"@type\":\"WebPage\",\"@id\":\"https:\/\/alanyakasap.com\/hakkimizda\/\",\"url\":\"https:\/\/alanyakasap.com\/hakkimizda\/\",\"name\":\"Hakk\u0131m\u0131zda - Alanya Kasap | Alanya Restoran\",\"isPartOf\":{\"@id\":\"https:\/\/alanyakasap.com\/#website\"},\"primaryImageOfPage\":{\"@id\":\"https:\/\/alanyakasap.com\/hakkimizda\/#primaryimage\"},\"image\":{\"@id\":\"https:\/\/alanyakasap.com\/hakkimizda\/#primaryimage\"},\"thumbnailUrl\":\"https:\/\/alanyakasap.com\/wp-content\/uploads\/2025\/10\/Lider-Et-Mangal-Favicon.png\",\"datePublished\":\"2025-08-09T22:56:04+00:00\",\"dateModified\":\"2025-10-11T19:41:28+00:00\",\"breadcrumb\":{\"@id\":\"https:\/\/alanyakasap.com\/hakkimizda\/#breadcrumb\"},\"inLanguage\":\"en-US\",\"potentialAction\":[{\"@type\":\"ReadAction\",\"target\":[\"https:\/\/alanyakasap.com\/hakkimizda\/\"]}]},{\"@type\":\"ImageObject\",\"inLanguage\":\"en-US\",\"@id\":\"https:\/\/alanyakasap.com\/hakkimizda\/#primaryimage\",\"url\":\"https:\/\/alanyakasap.com\/wp-content\/uploads\/2025\/10\/Lider-Et-Mangal-Favicon.png\",\"contentUrl\":\"https:\/\/alanyakasap.com\/wp-content\/uploads\/2025\/10\/Lider-Et-Mangal-Favicon.png\",\"width\":1024,\"height\":1024},{\"@type\":\"BreadcrumbList\",\"@id\":\"https:\/\/alanyakasap.com\/hakkimizda\/#breadcrumb\",\"itemListElement\":[{\"@type\":\"ListItem\",\"position\":1,\"name\":\"Anasayfa\",\"item\":\"https:\/\/alanyakasap.com\/\"},{\"@type\":\"ListItem\",\"position\":2,\"name\":\"Hakk\u0131m\u0131zda\"}]},{\"@type\":\"WebSite\",\"@id\":\"https:\/\/alanyakasap.com\/#website\",\"url\":\"https:\/\/alanyakasap.com\/\",\"name\":\"Alanya Kasap | Alanya Restoran\",\"description\":\"Alanya Kasap | Alanya Restoran\",\"potentialAction\":[{\"@type\":\"SearchAction\",\"target\":{\"@type\":\"EntryPoint\",\"urlTemplate\":\"https:\/\/alanyakasap.com\/?s={search_term_string}\"},\"query-input\":{\"@type\":\"PropertyValueSpecification\",\"valueRequired\":true,\"valueName\":\"search_term_string\"}}],\"inLanguage\":\"en-US\"}]}<\/script>\n<!-- \/ Yoast SEO plugin. -->","yoast_head_json":{"title":"Hakk\u0131m\u0131zda - Alanya Kasap | Alanya Restoran","robots":{"index":"index","follow":"follow","max-snippet":"max-snippet:-1","max-image-preview":"max-image-preview:large","max-video-preview":"max-video-preview:-1"},"canonical":"https:\/\/alanyakasap.com\/en\/hakkimizda\/","og_locale":"en_US","og_type":"article","og_title":"Hakk\u0131m\u0131zda - Alanya Kasap | Alanya Restoran","og_description":"Hakk\u0131m\u0131zda Hakk\u0131m\u0131zda Lider Et &amp; Mangal, Oba Portakal Caddesi\u2019nde yer alan, ailelerin ve et severlerin bir araya geldi\u011fi samimi bir bulu\u015fma noktas\u0131d\u0131r. G\u00fcnl\u00fck ve titizlikle se\u00e7ilen \u00fcr\u00fcnlerimizle, kasap reyonundaki tazeli\u011fi mangal ate\u015finin ustal\u0131\u011f\u0131yla birle\u015ftiriyoruz. \u201cAlanya Restoran | Alanya Kasap\u201d denildi\u011finde akla gelen ilk adres olma hedefiyle; \u015feffafl\u0131k, hijyen ve lezzeti her zaman \u00f6n planda tutuyoruz.Y\u0131llar\u0131n [&hellip;]","og_url":"https:\/\/alanyakasap.com\/en\/hakkimizda\/","og_site_name":"Alanya Kasap | Alanya Restoran","article_modified_time":"2025-10-11T19:41:28+00:00","og_image":[{"width":1024,"height":1024,"url":"https:\/\/alanyakasap.com\/wp-content\/uploads\/2025\/10\/Lider-Et-Mangal-Favicon.png","type":"image\/png"}],"twitter_card":"summary_large_image","twitter_misc":{"Est. reading time":"4 minutes"},"schema":{"@context":"https:\/\/schema.org","@graph":[{"@type":"WebPage","@id":"https:\/\/alanyakasap.com\/hakkimizda\/","url":"https:\/\/alanyakasap.com\/hakkimizda\/","name":"Hakk\u0131m\u0131zda - Alanya Kasap | Alanya Restoran","isPartOf":{"@id":"https:\/\/alanyakasap.com\/#website"},"primaryImageOfPage":{"@id":"https:\/\/alanyakasap.com\/hakkimizda\/#primaryimage"},"image":{"@id":"https:\/\/alanyakasap.com\/hakkimizda\/#primaryimage"},"thumbnailUrl":"https:\/\/alanyakasap.com\/wp-content\/uploads\/2025\/10\/Lider-Et-Mangal-Favicon.png","datePublished":"2025-08-09T22:56:04+00:00","dateModified":"2025-10-11T19:41:28+00:00","breadcrumb":{"@id":"https:\/\/alanyakasap.com\/hakkimizda\/#breadcrumb"},"inLanguage":"en-US","potentialAction":[{"@type":"ReadAction","target":["https:\/\/alanyakasap.com\/hakkimizda\/"]}]},{"@type":"ImageObject","inLanguage":"en-US","@id":"https:\/\/alanyakasap.com\/hakkimizda\/#primaryimage","url":"https:\/\/alanyakasap.com\/wp-content\/uploads\/2025\/10\/Lider-Et-Mangal-Favicon.png","contentUrl":"https:\/\/alanyakasap.com\/wp-content\/uploads\/2025\/10\/Lider-Et-Mangal-Favicon.png","width":1024,"height":1024},{"@type":"BreadcrumbList","@id":"https:\/\/alanyakasap.com\/hakkimizda\/#breadcrumb","itemListElement":[{"@type":"ListItem","position":1,"name":"Anasayfa","item":"https:\/\/alanyakasap.com\/"},{"@type":"ListItem","position":2,"name":"Hakk\u0131m\u0131zda"}]},{"@type":"WebSite","@id":"https:\/\/alanyakasap.com\/#website","url":"https:\/\/alanyakasap.com\/","name":"Alanya Kasap | Alanya Restoran","description":"Alanya Kasap | Alanya Restoran","potentialAction":[{"@type":"SearchAction","target":{"@type":"EntryPoint","urlTemplate":"https:\/\/alanyakasap.com\/?s={search_term_string}"},"query-input":{"@type":"PropertyValueSpecification","valueRequired":true,"valueName":"search_term_string"}}],"inLanguage":"en-US"}]}},"_links":{"self":[{"href":"https:\/\/alanyakasap.com\/en\/wp-json\/wp\/v2\/pages\/431","targetHints":{"allow":["GET"]}}],"collection":[{"href":"https:\/\/alanyakasap.com\/en\/wp-json\/wp\/v2\/pages"}],"about":[{"href":"https:\/\/alanyakasap.com\/en\/wp-json\/wp\/v2\/types\/page"}],"author":[{"embeddable":true,"href":"https:\/\/alanyakasap.com\/en\/wp-json\/wp\/v2\/users\/1"}],"replies":[{"embeddable":true,"href":"https:\/\/alanyakasap.com\/en\/wp-json\/wp\/v2\/comments?post=431"}],"version-history":[{"count":14,"href":"https:\/\/alanyakasap.com\/en\/wp-json\/wp\/v2\/pages\/431\/revisions"}],"predecessor-version":[{"id":679,"href":"https:\/\/alanyakasap.com\/en\/wp-json\/wp\/v2\/pages\/431\/revisions\/679"}],"wp:featuredmedia":[{"embeddable":true,"href":"https:\/\/alanyakasap.com\/en\/wp-json\/wp\/v2\/media\/633"}],"wp:attachment":[{"href":"https:\/\/alanyakasap.com\/en\/wp-json\/wp\/v2\/media?parent=431"}],"curies":[{"name":"wp","href":"https:\/\/api.w.org\/{rel}","templated":true}]}}